{"id":2993,"date":"2013-06-25T22:06:51","date_gmt":"2013-06-25T22:06:51","guid":{"rendered":"http:\/\/sergiomonsalve.cl\/romeral\/?page_id=2993"},"modified":"2013-12-02T18:42:18","modified_gmt":"2013-12-02T21:42:18","slug":"historia","status":"publish","type":"page","link":"https:\/\/muniromeral.cl\/romeral\/?page_id=2993","title":{"rendered":"Historia"},"content":{"rendered":"<div style=\"text-align: justify;\">\n<p>&nbsp;<\/p>\n<div class=\"shortcode-dropcap circle\" style=\"color:#COLOR_CODE; background-color:#COLOR_CODE;\">E<\/div>\n<p>n la \u00e9poca de la colonia, Romeral era un llano inh\u00f3spito, cubierto por montes v\u00edrgenes de Romero, de donde le viene el nombre. Lo designaban \u201dEl Monte de Romeral\u201d, y, ubicado al sur del R\u00edo Teno. Con los a\u00f1os se formaron peque\u00f1as propiedades en las que se plantaron vi\u00f1edos y \u00e1rboles frutales a las que se les daba el nombre de Finquitas, (peque\u00f1as parcelas). A fines de la Colonia el n\u00famero de estas Finquitas es considerable, constituyendo un agrupamiento humano, lo que hizo que posteriormente se transformara en Aldea.<\/p>\n<p>&nbsp;<\/p>\n<p><img fetchpriority=\"high\" decoding=\"async\" class=\"aligncenter\" alt=\"\" src=\"http:\/\/www.daemromeral.cl\/images\/Historiaderomeral\/arq_aldeas.jpg\" width=\"324\" height=\"217\" \/><\/p>\n<p>En un comienzo la Comuna se llam\u00f3 Villa Alegre, cambi\u00e1ndose por el de Romeral. Se conserva actualmente esta denominaci\u00f3n en los barrios del pueblo, pues a la parte alta se le llama Villa Alegre y a la baja Romeral , pero , por lo general ya se ha adoptado el nombre de Romeral y a sus habitantes. romeralinos.<\/p>\n<p>Por Decreto del 16 de abril de 1898, la Aldea de Villa Alegre , obtuvo el T\u00edtulo de Villa. En 1925 a pedido de la Municipalidad y para evitar confusiones se cambi\u00f3 oficialmente el nombre de Comuna de Villa Alegre por el de Comuna de Romeral.<\/p>\n<p>La historia de la comuna se confunde en sus comienzos con la de la antigua hacienda El Guiaco, que comprend\u00eda en la \u00e9poca colonial casi todo el territorio de la actual comuna.<\/p>\n<p>Conociendo los adelantos, progresos y esfuerzos de sus habitantes, podemos darnos cuenta de lo que era y de lo que hicieron sus pioneros para llegar a formar a trav\u00e9s del tiempo, la actual activa y progresista comuna de Romeral, que, como se sabe, est\u00e1 \u00edntimamente relacionada con el progreso agr\u00edcola, ya que este rubro ha sido y sigue siendo su principal fuente de ingresos y su mejor palanca impulsiva.<\/p>\n<p><img decoding=\"async\" class=\"aligncenter\" alt=\"\" src=\"http:\/\/www.daemromeral.cl\/images\/Historiaderomeral\/IMG_1439.jpg\" width=\"700\" height=\"393\" \/><\/p>\n<h3 style=\"text-align: left;\" align=\"center\"><\/h3>\n<h3 style=\"text-align: left;\" align=\"center\">VILLA ALEGRE Y SUS RECUERDOS PRIMEROS<\/h3>\n<p>Como en el ser humano, en los pueblos tambi\u00e9n quedan fuertemente grabados los primeros recuerdos\u2026 a\u00f1os 1890, 1900 y 1910\u2026 \u00e9poca llamada del novecientos.<\/p>\n<p>La que se hab\u00eda formado lentamente en el siglo diecinueve como una aldea rural, recibi\u00f3 el t\u00edtulo de Villa en el a\u00f1o 1892. Fue bautizada como Villa Alegre de Romeral. Era una larga calle que miraba t\u00edmidamente hacia el oriente como al poniente. En est\u00edo su garganta resec\u00e1base de sed y de polvo. En invierno su cuerpo era ba\u00f1ado por la lluvia del cielo. Ella tiritaba a causa del viento helado procedente de la cordillera.<\/p>\n<p>Cada a\u00f1o en el mes de Diciembre cruzaban la calle numerosos reba\u00f1os hacia los campos de verano de la monta\u00f1a. Los arrieros, callados, tan solo parecen mirar, pensar y so\u00f1ar en las ovejas que gu\u00edan \u2013 De vez en cuando los perros pastores __ con ladridos o suaves mordiscos__ obligan a avanzar a alg\u00fan cordero retrasado.<\/p>\n<p>En Abril la escena se repite, pero a la inversa. Los reba\u00f1os ahora regresan desde la monta\u00f1a hacia sus puntos de origen. Van a Rauco, Majadillas, Palquibudi, Huala\u00f1\u00e9 u otros lugares. Los arrieros marchan silenciosos, ensimismados. La suya es una labor paciente . Casi contemplativa all\u00e1 en la altura.<\/p>\n<p>En la misma \u00e9poca de comienzos de siglo, altas carretas de lento andar como sus bueyes, dirig\u00edanse a Curic\u00f3. Iban cargadas con sacos de trigo, cebada, frijoles , o con l\u00edos de charqui. Proven\u00edan algunos de los Guaicos, del Pe\u00f1\u00f3n, de la Huerta u otra Hacienda.<\/p>\n<p>Empero, \u00faltimamente Villa Alegre ve\u00eda surcada su \u00fanica v\u00eda por numerosos coches y a\u00fan por no escasos y primitivos autom\u00f3viles . Dentro de los veh\u00edculos viajaban caballeros muy serios en sus elegantes chaquets. Al lado de ellos divis\u00e1bamos j\u00f3venes damas vestidas a la \u00faltima moda. Largos vestidos cubr\u00edan sus fr\u00e1giles cuerpos. Sombreros de amplias alas las defend\u00edan del sol. Ellas se daban aire con sus finos abanicos.<\/p>\n<\/div>\n","protected":false},"excerpt":{"rendered":"<p>&nbsp; n la \u00e9poca de la colonia, Romeral era un llano inh\u00f3spito, cubierto por montes v\u00edrgenes de Romero, de donde le viene el nombre. Lo designaban \u201dEl Monte de Romeral\u201d, y, ubicado al sur del R\u00edo Teno. Con los a\u00f1os se formaron peque\u00f1as propiedades en las que se plantaron vi\u00f1edos y \u00e1rboles frutales a las que se les daba el nombre de Finquitas, (peque\u00f1as parcelas). A fines de la Colonia el n\u00famero de estas Finquitas es considerable, constituyendo un agrupamiento humano, lo que hizo que posteriormente se transformara en Aldea. &nbsp; En un comienzo la Comuna se llam\u00f3 Villa Alegre, cambi\u00e1ndose por el de Romeral. Se conserva actualmente esta denominaci\u00f3n en los barrios del pueblo, pues a la parte alta se le llama Villa Alegre y a la baja Romeral , pero , por lo general ya se ha adoptado el nombre de Romeral y a sus habitantes. romeralinos. Por Decreto del 16 de abril de 1898, la Aldea de Villa Alegre , obtuvo el T\u00edtulo de Villa. En 1925 a pedido de la Municipalidad y para evitar confusiones se cambi\u00f3 oficialmente el nombre de Comuna de Villa Alegre por el de Comuna de Romeral. La historia de la comuna se confunde en sus comienzos con la de la antigua hacienda El Guiaco, que comprend\u00eda en la \u00e9poca colonial casi todo el territorio de la actual comuna. Conociendo los adelantos, progresos y esfuerzos de sus habitantes, podemos darnos cuenta de lo que era y de lo que hicieron sus pioneros para llegar a formar a trav\u00e9s del tiempo, la actual activa y progresista comuna de Romeral, que, como se sabe, est\u00e1 \u00edntimamente relacionada con el progreso agr\u00edcola, ya que este rubro ha sido y sigue siendo su principal fuente de ingresos y su mejor palanca impulsiva. VILLA ALEGRE Y SUS RECUERDOS PRIMEROS Como en el ser humano, en los pueblos tambi\u00e9n quedan fuertemente grabados los primeros recuerdos\u2026 a\u00f1os 1890, 1900 y 1910\u2026 \u00e9poca llamada del novecientos. La que se hab\u00eda formado lentamente en el siglo diecinueve como una aldea rural, recibi\u00f3 el t\u00edtulo de Villa en el a\u00f1o 1892. Fue bautizada como Villa Alegre de Romeral. Era una larga calle que miraba t\u00edmidamente hacia el oriente como al poniente. En est\u00edo su garganta resec\u00e1base de sed y de polvo. En invierno su cuerpo era ba\u00f1ado por la lluvia del cielo. Ella tiritaba a causa del viento helado procedente de la cordillera. Cada a\u00f1o en el mes de Diciembre cruzaban la calle numerosos reba\u00f1os hacia los campos de verano de la monta\u00f1a. Los arrieros, callados, tan solo parecen mirar, pensar y so\u00f1ar en las ovejas que gu\u00edan \u2013 De vez en cuando los perros pastores __ con ladridos o suaves mordiscos__ obligan a avanzar a alg\u00fan cordero retrasado. En Abril la escena se repite, pero a la inversa. Los reba\u00f1os ahora regresan desde la monta\u00f1a hacia sus puntos de origen. Van a Rauco, Majadillas, Palquibudi, Huala\u00f1\u00e9 u otros lugares. Los arrieros marchan silenciosos, ensimismados. La suya es una labor paciente . Casi contemplativa all\u00e1 en la altura. En la misma \u00e9poca de comienzos de siglo, altas carretas de lento andar como sus bueyes, dirig\u00edanse a Curic\u00f3. Iban cargadas con sacos de trigo, cebada, frijoles , o con l\u00edos de charqui. Proven\u00edan algunos de los Guaicos, del Pe\u00f1\u00f3n, de la Huerta u otra Hacienda. Empero, \u00faltimamente Villa Alegre ve\u00eda surcada su \u00fanica v\u00eda por numerosos coches y a\u00fan por no escasos y primitivos autom\u00f3viles . Dentro de los veh\u00edculos viajaban caballeros muy serios en sus elegantes chaquets. Al lado de ellos divis\u00e1bamos j\u00f3venes damas vestidas a la \u00faltima moda. Largos vestidos cubr\u00edan sus fr\u00e1giles cuerpos. Sombreros de amplias alas las defend\u00edan del sol. Ellas se daban aire con sus finos abanicos.<\/p>\n","protected":false},"author":1,"featured_media":2847,"parent":0,"menu_order":0,"comment_status":"open","ping_status":"open","template":"","meta":{"footnotes":""},"class_list":["post-2993","page","type-page","status-publish","has-post-thumbnail","hentry"],"_links":{"self":[{"href":"https:\/\/muniromeral.cl\/romeral\/index.php?rest_route=\/wp\/v2\/pages\/2993","targetHints":{"allow":["GET"]}}],"collection":[{"href":"https:\/\/muniromeral.cl\/romeral\/index.php?rest_route=\/wp\/v2\/pages"}],"about":[{"href":"https:\/\/muniromeral.cl\/romeral\/index.php?rest_route=\/wp\/v2\/types\/page"}],"author":[{"embeddable":true,"href":"https:\/\/muniromeral.cl\/romeral\/index.php?rest_route=\/wp\/v2\/users\/1"}],"replies":[{"embeddable":true,"href":"https:\/\/muniromeral.cl\/romeral\/index.php?rest_route=%2Fwp%2Fv2%2Fcomments&post=2993"}],"version-history":[{"count":6,"href":"https:\/\/muniromeral.cl\/romeral\/index.php?rest_route=\/wp\/v2\/pages\/2993\/revisions"}],"predecessor-version":[{"id":3342,"href":"https:\/\/muniromeral.cl\/romeral\/index.php?rest_route=\/wp\/v2\/pages\/2993\/revisions\/3342"}],"wp:featuredmedia":[{"embeddable":true,"href":"https:\/\/muniromeral.cl\/romeral\/index.php?rest_route=\/wp\/v2\/media\/2847"}],"wp:attachment":[{"href":"https:\/\/muniromeral.cl\/romeral\/index.php?rest_route=%2Fwp%2Fv2%2Fmedia&parent=2993"}],"curies":[{"name":"wp","href":"https:\/\/api.w.org\/{rel}","templated":true}]}}