{"id":3343,"date":"2013-12-02T18:45:49","date_gmt":"2013-12-02T21:45:49","guid":{"rendered":"http:\/\/muniromeral.cl\/romeral\/?page_id=3343"},"modified":"2014-02-03T13:54:22","modified_gmt":"2014-02-03T16:54:22","slug":"turismo","status":"publish","type":"page","link":"https:\/\/muniromeral.cl\/romeral\/?page_id=3343","title":{"rendered":"Turismo"},"content":{"rendered":"<h3>Romeral<\/h3>\n<p style=\"text-align: left;\">Se ubica a 12 km al noroeste de Curic\u00f3. Tiene como frontera natural a los r\u00edos Teno y Pumait\u00e9n. Se destaca por ser una zona agr\u00edcola donde principalmente se cultivan cerezas, manzanas y otros frutales destinados para consumo en Chile y para la exportaci\u00f3n por su alta calidad.<br \/>\nEntre los pueblos que forman la comuna de Romeral se encuentran Los Que\u00f1es, Quilvo, La Jaula, El Bodal, El Peumal, Pichuante, Morros Verdes y Los Huaicos 1, 2 y 3. En la ciudad de Romeral destacan su arquitectura t\u00edpica colonial de adobe y techos de tejas.<\/p>\n<p>La Ilustre Municipalidad de Romeral fue creada por Decreto de ley del 12 de noviembre de 1892 en el Gobierno de Don Jorge Montt, esta municipalidad fue creada cuando la actual comuna se encontraba dividida en dos sectores, siendo la cabecera llamada Villa alegre y la parte baja Romeral, luego en 1925 a pedido de la Municipalidad para evitar confusiones se cambio oficialmente el nombre de Villa Alegre por el de Romeral,<\/p>\n<p>&nbsp;<\/p>\n<h3>Caracter\u00edsticas Sociales<\/h3>\n<p>Poblacionales Territorio La Regi\u00f3n del Maule esta conformada por cuatro provincia (y treinta comunas), las cuales corresponden a Cauquenes, Linares, Talca y Curico, esta ultima posee nueve comunas, dentro de las cuales se encuentra la comuna de Romeral, esta es una de las comunas mas extensa en territorio la cual posee una superficie de 1.597,1 Km2,<\/p>\n<p>La poblaci\u00f3n comunal alcanza un total de 12.707 habitantes, los cuales se encuentran distribuidos entre poblaci\u00f3n urbana y poblaci\u00f3n rural, los primeros alcanzan un total de 3.675 habitantes mientras que la poblaci\u00f3n rural alcanza a 9.032 habitantes<\/p>\n<p>&nbsp;<\/p>\n<h3>El Pueblo de Romeral<\/h3>\n<p>Este pueblo ha sido catalogado por SERNATUR como un pueblo con arquitectura tradicional, en el cual se pueden degustar platos t\u00edpicos, fotografiar, observar el medio y disfrutar de su amplia variedad de \u00e1rboles. Camino Romeral &#8211; Los Que\u00f1es. Este es un camino que nace en la panamericana sur y comienza a recorrer el valle a trav\u00e9s de la ruta J-55 pasando por paisajes de gran atracci\u00f3n tur\u00edstica dentro del valle, luego se interna en la pre-cordillera llegando a la localidad de los Que\u00f1es y posteriormente al paso Vergara que conecta Chile con Argentina.<\/p>\n<ul class='gdl-accordion'>\n<li class=\"active\">\n<h2 class='accordion-title'>LOCALIZACI\u00d3N<\/h2>\n<div class='accordion-content'>Ubicada a 9,5 km. al noreste de la ciudad de Curic\u00f3.<\/div>\n<\/li>\n<li >\n<h2 class='accordion-title'>COMO LLEGAR<\/h2>\n<div class='accordion-content'>Desde Plaza Terminal de Buses de Curic\u00f3, alta frecuencia de minibuses. Autom\u00f3vil, tomar Ruta 5 Sur hasta el km. 189, de este sector tomar Ruta J-55.<\/div>\n<\/li>\n<li >\n<h2 class='accordion-title'>QU\u00c9 VISITAR<\/h2>\n<div class='accordion-content'>Balneario Pumait\u00e9n, Tranque Guaico Tres, Monasterio Trapense, Balneario Los Que\u00f1es, sector los Que\u00f1es. Paso Vergara, Ba\u00f1os de San Pedro, Mirador Cemento B\u00edo B\u00edo, La Aduana&#8230;<\/div>\n<\/li>\n<li >\n<h2 class='accordion-title'>SERVICIOS P\u00daBLICOS<\/h2>\n<div class='accordion-content'>\n<table width=\"690\" border=\"0\">\n<tbody>\n<tr>\n<td><strong>SERVICIOS PUBLICOS<\/strong><\/td>\n<td width=\"335\"><strong>DIRECCION<\/strong><\/td>\n<td width=\"174\"><strong>TELEFONO<\/strong><\/td>\n<\/tr>\n<tr>\n<td><strong>MUNICIPALIDAD<\/strong><\/td>\n<td>AIgnacio Carrera Pinto N\u00ba1213<\/td>\n<td>2576330<\/td>\n<\/tr>\n<tr>\n<td><strong>ASISTENCIA PUBLICA<\/strong><\/td>\n<td>Av. Libertad s\/n<\/td>\n<td>2431024<\/td>\n<\/tr>\n<tr>\n<td><strong>CARABINEROS<\/strong><\/td>\n<td>Ignacio Carrera Pinto N\u00ba1216<\/td>\n<td>2431153<\/td>\n<\/tr>\n<tr>\n<td><strong>BOMBEROS<\/strong><\/td>\n<td>Oscar Bonilla 60<\/td>\n<td>2431030<\/td>\n<\/tr>\n<\/tbody>\n<\/table>\n<\/div>\n<\/li>\n<\/ul>\n<p>&nbsp;<\/p>\n<h3>Los Que\u00f1es<\/h3>\n<p>Se ubica a 36 km. de El Romeral. Balneario tradicional de la familia curicana, donde se puede practicar la pesca, la excursi\u00f3n a lugares adentrados de la cordillera y el descanso.<\/p>\n<p>&nbsp;<\/p>\n<h3>Lagunas de Teno<\/h3>\n<p>Se ubican a 50 km. al sureste de Los Que\u00f1es y a 90 km. al noreste de Romeral. Las lagunas se ubican en las nacientes del r\u00edo hom\u00f3nimo. Corresponde a 2 lagunas cordilleranas de gran extensi\u00f3n, insertas en el paisaje de estepa altoandina. En el per\u00edodo invernal el \u00e1rea permanece nevada hasta los m\u00e1rgenes de la laguna.<\/p>\n<p>&nbsp;<\/p>\n<h3>Volc\u00e1n Planch\u00f3n<\/h3>\n<p>Se ubica a 41 km. al sureste de los Que\u00f1es y a 102 km. de El Romeral. Volc\u00e1n de 3.991 metros que constituye una atractiva cumbre para las pr\u00e1cticas de andinismo, las laderas oriente del volc\u00e1n son abruptas y acumulan nieve y hielo que se desprenden en \u00e9poca de deshielo. Desde el punto de vista paisaj\u00edstico, domina la perspectiva que se obtiene desde la Laguna Teno. Para los excursionistas el mejor acceso al volc\u00e1n es a trav\u00e9s del Caj\u00f3n del R\u00edo Claro.<\/p>\n<p>&nbsp;<\/p>\n<h3>Paso Vergara<\/h3>\n<p>V\u00eda terrestre que une nuestra provincia con el vecino pa\u00eds, Argentina, espec\u00edficamente con la zona de Malarg\u00fce. Posee la ventaja de ser una de las rutas m\u00e1s cortas entre ambos pa\u00edses, ya que se encuentra a tan s\u00f3lo 88 km de la Ruta 5 Sur. Lamentablemente la escasa inversi\u00f3n en infraestructura y desarrollo vial, determina que durante gran parte del a\u00f1o esta ruta no se encuentre en condiciones de ser transitada, pero durante el per\u00edodo estival es reparada para ser utilizada por turistas y algunas empresas del \u00e1rea minera. Se caracteriza por su hermoso y particular paisaje, al lado de los volcanes Planch\u00f3n y Peteroa, la Laguna de Teno y de los ba\u00f1os termales de San Pedro.<\/p>\n<p>&nbsp;<\/p>\n<div><\/div>\n","protected":false},"excerpt":{"rendered":"<p>Romeral Se ubica a 12 km al noroeste de Curic\u00f3. Tiene como frontera natural a los r\u00edos Teno y Pumait\u00e9n. Se destaca por ser una zona agr\u00edcola donde principalmente se cultivan cerezas, manzanas y otros frutales destinados para consumo en Chile y para la exportaci\u00f3n por su alta calidad. Entre los pueblos que forman la comuna de Romeral se encuentran Los Que\u00f1es, Quilvo, La Jaula, El Bodal, El Peumal, Pichuante, Morros Verdes y Los Huaicos 1, 2 y 3. En la ciudad de Romeral destacan su arquitectura t\u00edpica colonial de adobe y techos de tejas. La Ilustre Municipalidad de Romeral fue creada por Decreto de ley del 12 de noviembre de 1892 en el Gobierno de Don Jorge Montt, esta municipalidad fue creada cuando la actual comuna se encontraba dividida en dos sectores, siendo la cabecera llamada Villa alegre y la parte baja Romeral, luego en 1925 a pedido de la Municipalidad para evitar confusiones se cambio oficialmente el nombre de Villa Alegre por el de Romeral, &nbsp; Caracter\u00edsticas Sociales Poblacionales Territorio La Regi\u00f3n del Maule esta conformada por cuatro provincia (y treinta comunas), las cuales corresponden a Cauquenes, Linares, Talca y Curico, esta ultima posee nueve comunas, dentro de las cuales se encuentra la comuna de Romeral, esta es una de las comunas mas extensa en territorio la cual posee una superficie de 1.597,1 Km2, La poblaci\u00f3n comunal alcanza un total de 12.707 habitantes, los cuales se encuentran distribuidos entre poblaci\u00f3n urbana y poblaci\u00f3n rural, los primeros alcanzan un total de 3.675 habitantes mientras que la poblaci\u00f3n rural alcanza a 9.032 habitantes &nbsp; El Pueblo de Romeral Este pueblo ha sido catalogado por SERNATUR como un pueblo con arquitectura tradicional, en el cual se pueden degustar platos t\u00edpicos, fotografiar, observar el medio y disfrutar de su amplia variedad de \u00e1rboles. Camino Romeral &#8211; Los Que\u00f1es. Este es un camino que nace en la panamericana sur y comienza a recorrer el valle a trav\u00e9s de la ruta J-55 pasando por paisajes de gran atracci\u00f3n tur\u00edstica dentro del valle, luego se interna en la pre-cordillera llegando a la localidad de los Que\u00f1es y posteriormente al paso Vergara que conecta Chile con Argentina. &nbsp; Los Que\u00f1es Se ubica a 36 km. de El Romeral. Balneario tradicional de la familia curicana, donde se puede practicar la pesca, la excursi\u00f3n a lugares adentrados de la cordillera y el descanso. &nbsp; Lagunas de Teno Se ubican a 50 km. al sureste de Los Que\u00f1es y a 90 km. al noreste de Romeral. Las lagunas se ubican en las nacientes del r\u00edo hom\u00f3nimo. Corresponde a 2 lagunas cordilleranas de gran extensi\u00f3n, insertas en el paisaje de estepa altoandina. En el per\u00edodo invernal el \u00e1rea permanece nevada hasta los m\u00e1rgenes de la laguna. &nbsp; Volc\u00e1n Planch\u00f3n Se ubica a 41 km. al sureste de los Que\u00f1es y a 102 km. de El Romeral. Volc\u00e1n de 3.991 metros que constituye una atractiva cumbre para las pr\u00e1cticas de andinismo, las laderas oriente del volc\u00e1n son abruptas y acumulan nieve y hielo que se desprenden en \u00e9poca de deshielo. Desde el punto de vista paisaj\u00edstico, domina la perspectiva que se obtiene desde la Laguna Teno. Para los excursionistas el mejor acceso al volc\u00e1n es a trav\u00e9s del Caj\u00f3n del R\u00edo Claro. &nbsp; Paso Vergara V\u00eda terrestre que une nuestra provincia con el vecino pa\u00eds, Argentina, espec\u00edficamente con la zona de Malarg\u00fce. Posee la ventaja de ser una de las rutas m\u00e1s cortas entre ambos pa\u00edses, ya que se encuentra a tan s\u00f3lo 88 km de la Ruta 5 Sur. Lamentablemente la escasa inversi\u00f3n en infraestructura y desarrollo vial, determina que durante gran parte del a\u00f1o esta ruta no se encuentre en condiciones de ser transitada, pero durante el per\u00edodo estival es reparada para ser utilizada por turistas y algunas empresas del \u00e1rea minera. Se caracteriza por su hermoso y particular paisaje, al lado de los volcanes Planch\u00f3n y Peteroa, la Laguna de Teno y de los ba\u00f1os termales de San Pedro. &nbsp;<\/p>\n","protected":false},"author":1,"featured_media":0,"parent":0,"menu_order":0,"comment_status":"closed","ping_status":"open","template":"","meta":{"footnotes":""},"class_list":["post-3343","page","type-page","status-publish","hentry"],"_links":{"self":[{"href":"https:\/\/muniromeral.cl\/romeral\/index.php?rest_route=\/wp\/v2\/pages\/3343","targetHints":{"allow":["GET"]}}],"collection":[{"href":"https:\/\/muniromeral.cl\/romeral\/index.php?rest_route=\/wp\/v2\/pages"}],"about":[{"href":"https:\/\/muniromeral.cl\/romeral\/index.php?rest_route=\/wp\/v2\/types\/page"}],"author":[{"embeddable":true,"href":"https:\/\/muniromeral.cl\/romeral\/index.php?rest_route=\/wp\/v2\/users\/1"}],"replies":[{"embeddable":true,"href":"https:\/\/muniromeral.cl\/romeral\/index.php?rest_route=%2Fwp%2Fv2%2Fcomments&post=3343"}],"version-history":[{"count":14,"href":"https:\/\/muniromeral.cl\/romeral\/index.php?rest_route=\/wp\/v2\/pages\/3343\/revisions"}],"predecessor-version":[{"id":4011,"href":"https:\/\/muniromeral.cl\/romeral\/index.php?rest_route=\/wp\/v2\/pages\/3343\/revisions\/4011"}],"wp:attachment":[{"href":"https:\/\/muniromeral.cl\/romeral\/index.php?rest_route=%2Fwp%2Fv2%2Fmedia&parent=3343"}],"curies":[{"name":"wp","href":"https:\/\/api.w.org\/{rel}","templated":true}]}}