{"id":3530,"date":"2013-12-18T09:11:13","date_gmt":"2013-12-18T12:11:13","guid":{"rendered":"http:\/\/muniromeral.cl\/romeral\/?page_id=3530"},"modified":"2016-12-30T17:00:45","modified_gmt":"2016-12-30T20:00:45","slug":"valores-licencias-de-pesca-deportivas-recreativas","status":"publish","type":"page","link":"https:\/\/muniromeral.cl\/romeral\/?page_id=3530","title":{"rendered":"Valores Licencias de Pesca Deportivas Recreativas"},"content":{"rendered":"<p><a href=\"https:\/\/muniromeral.cl\/romeral\/?attachment_id=7759\" rel=\"attachment wp-att-7759\"><img fetchpriority=\"high\" decoding=\"async\" class=\"alignnone wp-image-7759 size-full\" src=\"https:\/\/muniromeral.cl\/romeral\/wp-content\/uploads\/2013\/12\/pesca2017.jpg\" alt=\"pesca2017\" width=\"922\" height=\"322\" srcset=\"https:\/\/muniromeral.cl\/romeral\/wp-content\/uploads\/2013\/12\/pesca2017.jpg 922w, https:\/\/muniromeral.cl\/romeral\/wp-content\/uploads\/2013\/12\/pesca2017-300x105.jpg 300w, https:\/\/muniromeral.cl\/romeral\/wp-content\/uploads\/2013\/12\/pesca2017-768x268.jpg 768w\" sizes=\"(max-width: 922px) 100vw, 922px\" \/><\/a><\/p>\n<p><strong><br \/>\nValores validos solo hasta el 31 de Diciembre de 2017<\/strong><\/p>\n<p>&nbsp;<\/p>\n<p>Para los efectos de determinar el valor de la licencia se utilizar\u00e1 el valor de la Unidad de Fomento correspondiente al \u00faltimo d\u00eda del a\u00f1o anterior del que se obtenga, ajustada al ciento superior (Ley N\u00b020.256, Art. 6\u00b0).<br \/>\nEl valor de la UF del d\u00eda 31.12.2016 es de <strong>$26.347,98<\/strong>.-<\/p>\n<p>Se deja exento de pago y de la obligaci\u00f3n de obtenci\u00f3n de las licencias a personas nacionales y extranjeros residentes con las siguientes caracter\u00edsticas:<\/p>\n<p>-Menores de 12 a\u00f1os.<br \/>\n-Mayores de 65 a\u00f1os.<br \/>\n-Discapacitados Inscritos en el Registro de Discapacitados que lleva el Registro Civil.<\/p>\n<p>&nbsp;<\/p>\n<p><strong>Dichas Licencias se podr\u00e1n obtener en el departamento de Rentas de la Ilustre Municipalidad de Romeral,\u00a0<\/strong><strong>en el horario de atenci\u00f3n, de Lunes a Viernes desde las 8:30 Hrs. a las 16:00 Hrs.<\/strong><\/p>\n<p>*Mas Informacion\u00a0<a href=\"https:\/\/www.sernapesca.cl\/\">https:\/\/pr.sernapesca.cl\/<\/a><\/p>\n","protected":false},"excerpt":{"rendered":"<p>Valores validos solo hasta el 31 de Diciembre de 2017 &nbsp; Para los efectos de determinar el valor de la licencia se utilizar\u00e1 el valor de la Unidad de Fomento correspondiente al \u00faltimo d\u00eda del a\u00f1o anterior del que se obtenga, ajustada al ciento superior (Ley N\u00b020.256, Art. 6\u00b0). El valor de la UF del d\u00eda 31.12.2016 es de $26.347,98.- Se deja exento de pago y de la obligaci\u00f3n de obtenci\u00f3n de las licencias a personas nacionales y extranjeros residentes con las siguientes caracter\u00edsticas: -Menores de 12 a\u00f1os. -Mayores de 65 a\u00f1os. -Discapacitados Inscritos en el Registro de Discapacitados que lleva el Registro Civil. &nbsp; Dichas Licencias se podr\u00e1n obtener en el departamento de Rentas de la Ilustre Municipalidad de Romeral,\u00a0en el horario de atenci\u00f3n, de Lunes a Viernes desde las 8:30 Hrs. a las 16:00 Hrs. *Mas Informacion\u00a0https:\/\/pr.sernapesca.cl\/<\/p>\n","protected":false},"author":3,"featured_media":0,"parent":0,"menu_order":0,"comment_status":"closed","ping_status":"open","template":"","meta":{"footnotes":""},"class_list":["post-3530","page","type-page","status-publish","hentry"],"_links":{"self":[{"href":"https:\/\/muniromeral.cl\/romeral\/index.php?rest_route=\/wp\/v2\/pages\/3530","targetHints":{"allow":["GET"]}}],"collection":[{"href":"https:\/\/muniromeral.cl\/romeral\/index.php?rest_route=\/wp\/v2\/pages"}],"about":[{"href":"https:\/\/muniromeral.cl\/romeral\/index.php?rest_route=\/wp\/v2\/types\/page"}],"author":[{"embeddable":true,"href":"https:\/\/muniromeral.cl\/romeral\/index.php?rest_route=\/wp\/v2\/users\/3"}],"replies":[{"embeddable":true,"href":"https:\/\/muniromeral.cl\/romeral\/index.php?rest_route=%2Fwp%2Fv2%2Fcomments&post=3530"}],"version-history":[{"count":8,"href":"https:\/\/muniromeral.cl\/romeral\/index.php?rest_route=\/wp\/v2\/pages\/3530\/revisions"}],"predecessor-version":[{"id":7760,"href":"https:\/\/muniromeral.cl\/romeral\/index.php?rest_route=\/wp\/v2\/pages\/3530\/revisions\/7760"}],"wp:attachment":[{"href":"https:\/\/muniromeral.cl\/romeral\/index.php?rest_route=%2Fwp%2Fv2%2Fmedia&parent=3530"}],"curies":[{"name":"wp","href":"https:\/\/api.w.org\/{rel}","templated":true}]}}