{"id":9305,"date":"2026-03-19T11:46:28","date_gmt":"2026-03-19T14:46:28","guid":{"rendered":"https:\/\/muniromeral.cl\/romeral\/?page_id=9305"},"modified":"2026-03-19T12:14:15","modified_gmt":"2026-03-19T15:14:15","slug":"reglamento-subvenciones","status":"publish","type":"page","link":"https:\/\/muniromeral.cl\/romeral\/?page_id=9305","title":{"rendered":"REGLAMENTO SUBVENCIONES I. MUNICIPALIDAD DE ROMERAL"},"content":{"rendered":"<p style=\"font-size: 15px; line-height: 1.6;\">A continuaci\u00f3n, podr\u00e1 descargar el <strong>reglamento oficial<\/strong> que establece los requisitos,<\/p>\n<p style=\"font-size: 15px; line-height: 1.6;\">condiciones y plazos del proceso, as\u00ed como tambi\u00e9n el <strong>formulario de postulaci\u00f3n<\/strong><\/p>\n<p style=\"font-size: 15px; line-height: 1.6;\">que debe ser completado por las organizaciones interesadas.<\/p>\n<p>&nbsp;<\/p>\n\n\n<div class=\"wp-block-group\"><div class=\"wp-block-group__inner-container is-layout-constrained wp-block-group-is-layout-constrained\">\n<div style=\"max-width: 500px; border: 1px solid #ccc; padding: 15px; border-radius: 8px; font-family: Arial; display: flex; align-items: center; gap: 12px;\"><!-- Icono Word -->\n<div>\n<div style=\"font-size: 18px; font-weight: bold;\"><a href=\"https:\/\/muniromeral.cl\/romeral\/wp-content\/uploads\/2026\/03\/Formato-de-subvencion-2026.docx\"><img decoding=\"async\" class=\"alignleft\" src=\"https:\/\/upload.wikimedia.org\/wikipedia\/commons\/thumb\/e\/e8\/Microsoft_Office_Word_%282025%E2%80%93present%29.svg\/langes-120px-Microsoft_Office_Word_%282025%E2%80%93present%29.svg.png\" alt=\"\" width=\"39\" height=\"41\" \/><\/a>FORMATO SUBVENCI\u00d3N 2026<\/div>\n<a style=\"display: inline-block; margin-top: 6px; color: #2b579a; font-weight: bold; text-decoration: none;\" href=\"https:\/\/muniromeral.cl\/romeral\/wp-content\/uploads\/2026\/03\/Formato-de-subvencion-2026.docx\" download=\"\"> Descargar archivo <\/a><\/div>\n<\/div>\n\n\n\n<div style=\"max-width: 500px; border: 1px solid #ccc; padding: 15px; border-radius: 8px; font-family: Arial; display: flex; align-items: center; gap: 12px;\"><!-- Icono Word -->\n<div>\n<div style=\"font-size: 18px; font-weight: bold;\"><a href=\"https:\/\/muniromeral.cl\/romeral\/wp-content\/uploads\/2026\/03\/REGLAMENTO-SUBVENCIONES-2026.pdf\"><img decoding=\"async\" class=\"alignleft\" src=\"https:\/\/upload.wikimedia.org\/wikipedia\/commons\/thumb\/8\/87\/PDF_file_icon.svg\/120px-PDF_file_icon.svg.png\" alt=\"\" width=\"37\" height=\"45\" \/><\/a>REGLAMENTO SUBVENCI\u00d3N 2026<\/div>\n<a style=\"display: inline-block; margin-top: 6px; color: #2b579a; font-weight: bold; text-decoration: none;\" href=\"https:\/\/muniromeral.cl\/romeral\/wp-content\/uploads\/2026\/03\/REGLAMENTO-SUBVENCIONES-2026.pdf\" download=\"\"> Descargar archivo <\/a><\/div>\n<\/div>\n<\/div><\/div>\n\n\n\n<p><\/p>\n","protected":false},"excerpt":{"rendered":"<p>A continuaci\u00f3n, podr\u00e1 descargar el reglamento oficial que establece los requisitos, condiciones y plazos del proceso, as\u00ed como tambi\u00e9n el formulario de postulaci\u00f3n que debe ser completado por las organizaciones interesadas. &nbsp; FORMATO SUBVENCI\u00d3N 2026 Descargar archivo REGLAMENTO SUBVENCI\u00d3N 2026 Descargar archivo<\/p>\n","protected":false},"author":4,"featured_media":0,"parent":0,"menu_order":0,"comment_status":"closed","ping_status":"closed","template":"","meta":{"footnotes":""},"class_list":["post-9305","page","type-page","status-publish","hentry"],"_links":{"self":[{"href":"https:\/\/muniromeral.cl\/romeral\/index.php?rest_route=\/wp\/v2\/pages\/9305","targetHints":{"allow":["GET"]}}],"collection":[{"href":"https:\/\/muniromeral.cl\/romeral\/index.php?rest_route=\/wp\/v2\/pages"}],"about":[{"href":"https:\/\/muniromeral.cl\/romeral\/index.php?rest_route=\/wp\/v2\/types\/page"}],"author":[{"embeddable":true,"href":"https:\/\/muniromeral.cl\/romeral\/index.php?rest_route=\/wp\/v2\/users\/4"}],"replies":[{"embeddable":true,"href":"https:\/\/muniromeral.cl\/romeral\/index.php?rest_route=%2Fwp%2Fv2%2Fcomments&post=9305"}],"version-history":[{"count":19,"href":"https:\/\/muniromeral.cl\/romeral\/index.php?rest_route=\/wp\/v2\/pages\/9305\/revisions"}],"predecessor-version":[{"id":9335,"href":"https:\/\/muniromeral.cl\/romeral\/index.php?rest_route=\/wp\/v2\/pages\/9305\/revisions\/9335"}],"wp:attachment":[{"href":"https:\/\/muniromeral.cl\/romeral\/index.php?rest_route=%2Fwp%2Fv2%2Fmedia&parent=9305"}],"curies":[{"name":"wp","href":"https:\/\/api.w.org\/{rel}","templated":true}]}}